{"id":745,"date":"2018-06-02T13:31:17","date_gmt":"2018-06-02T11:31:17","guid":{"rendered":"http:\/\/www.zitherensemble.net\/?page_id=745"},"modified":"2018-06-03T08:19:41","modified_gmt":"2018-06-03T06:19:41","slug":"datenschutzerklaerung","status":"publish","type":"page","link":"https:\/\/www.zitherensemble.net\/?page_id=745","title":{"rendered":"Datenschutz"},"content":{"rendered":"<p>Datenschutzerkl\u00e4rung:<br \/>\nDer Schutz Ihrer pers\u00f6nlichen Daten ist uns ein besonderes Anliegen. Wir verarbeiten Ihre Daten daher ausschlie\u00dflich auf Grundlage der gesetzlichen Bestimmungen (DSGVO, TKG 2003). In diesen Datenschutzinformationen informieren wir Sie \u00fcber die wichtigsten Aspekte der Datenverarbeitung im Rahmen unserer Website.<\/p>\n<p>Kontakt<br \/>\nWenn Sie per E-Mail Kontakt mit uns aufnehmen, werden Ihre angegebenen Daten zwecks Bearbeitung der Anfrage und f\u00fcr den Fall von Anschlussfragen bei uns gespeichert. Diese Daten geben wir nicht ohne Ihre Einwilligung weiter.<\/p>\n<p>Cookies<br \/>\nUnsere Website verwendet so genannte Cookies. Dabei handelt es sich um kleine Textdateien, die mit Hilfe des Browsers auf Ihrem Endger\u00e4t abgelegt werden. Sie richten keinen Schaden an.<br \/>\nWir nutzen Cookies dazu, unser Angebot nutzerfreundlich zu gestalten. Einige Cookies bleiben auf Ihrem Endger\u00e4t gespeichert, bis Sie diese l\u00f6schen. Sie erm\u00f6glichen es uns, Ihren Browser beim n\u00e4chsten Besuch wiederzuerkennen.<br \/>\nWenn Sie dies nicht w\u00fcnschen, so k\u00f6nnen Sie Ihren Browser so einrichten, dass er Sie \u00fcber das Setzen von Cookies informiert und Sie dies nur im Einzelfall erlauben.<br \/>\nBei der Deaktivierung von Cookies kann die Funktionalit\u00e4t unserer Website eingeschr\u00e4nkt sein.<\/p>\n<p>Webstatistik:<br \/>\nWebstatistik &#8222;Webalizer&#8220;: bei Ihrem Besuch auf unserer Webseite werden folgende Daten erhoben: Browsertyp\/-version, Verwendetes Betriebssystem, Referrer URL, IP-Adresse des zugreifenden Rechners, Uhrzeit \/ Datum der Serveranfrage. Sie bleiben dabei anonym. Dieses Programm ist eine freie Webanalyse-Software. Sie wird zur Auswertung von Logdateien verwendet, die Webserver auf Basis von Besucheranfragen erstellen. Das Programm setzt f\u00fcr die Auswertung keine CookieDateien ein. Die statistische Analyse erfolgt \u00fcber die Logfiles, die auch IP-Adressen enthalten. Diese Daten sind in der Regel nicht bestimmten Personen zuordenbar. Eine Zusammenf\u00fchrung dieser Daten mit anderen Datenquellen wird nicht vorgenommen, die Daten werden zudem nach einer statistischen Auswertung gel\u00f6scht. Im Gegensatz zu anderen Statistikprogrammen werden bei Webalizer keine Daten an einen fremden Server \u00fcbermittelt. Das Programm ist auf dem eigenen Hostingpaket installiert. So wird beispielsweise auch eine \u00dcbertragung von Daten ins EU-Ausland vermieden, da sich unser Server in der EU befindet.<\/p>\n<p>Zur Datenschutzerkl\u00e4rung unserers Webhosters:<br \/>\nhttps:\/\/www.world4you.com\/de\/unternehmen\/datenschutzerklaerung.html<\/p>\n<p>Einbindung von Diensten und Inhalten Dritter<\/p>\n<p>Verwendung von Google Maps<br \/>\nDiese Webseite nutzt Google Maps zur Darstellung interaktiver Karten und zur Erstellung von Anfahrtsbeschreibungen. Google Maps ist ein Kartendienst von Google Inc., 1600 Amphitheatre Parkway, Mountain View, California 94043, USA. Durch die Nutzung von Google Maps k\u00f6nnen Informationen \u00fcber die Benutzung dieser Website einschlie\u00dflich Ihrer IP-Adresse und der im Rahmen der Routenplanerfunktion eingegebenen (Start-) Adresse an Google in den USA \u00fcbertragen werden Wenn Sie eine Webseite unseres Internetauftritts aufrufen, die Google Maps enth\u00e4lt, baut Ihr Browser eine direkte Verbindung mit den Servern von Google auf. Der Karteninhalt wird von Google direkt an Ihren Browser \u00fcbermittelt und von diesem in die Webseite eingebunden. Daher haben wir keinen Einfluss auf den Umfang der auf diese Weise von Google erhobenen Daten. Entsprechend unserem Kenntnisstand sind dies zumindest folgende Daten:<br \/>\nDatum und Uhrzeit des Besuchs auf der betreffenden Webseite,<br \/>\nInternetadresse oder URL der aufgerufenen Webseite,<br \/>\nIP-Adresse,im Rahmen der Routenplanung eingegebene (Start-)Anschrift.<br \/>\nAuf die weitere Verarbeitung und Nutzung der Daten durch Google haben wir keinen Einfluss und k\u00f6nnen daher hierf\u00fcr keine Verantwortung \u00fcbernehmen.<br \/>\nWenn Sie nicht m\u00f6chten, dass Google \u00fcber unseren Internetauftritt Daten \u00fcber Sie erhebt, verarbeitet oder nutzt, k\u00f6nnen Sie in Ihrem Browsereinstellungen JavaScript deaktivieren. In diesem Fall k\u00f6nnen Sie die Kartenanzeige jedoch nicht nutzen.<br \/>\nZweck und Umfang der Datenerhebung und die weitere Verarbeitung und Nutzung der Daten durch Google sowie Ihre diesbez\u00fcglichen Rechte und Einstellungsm\u00f6glichkeiten zum Schutz Ihrer Privatsph\u00e4re entnehmen Sie bitte den Datenschutzhinweisen von Google (https:\/\/policies.google.com\/privacy?hl=de).<br \/>\nDurch die Nutzung unserer Webseite erkl\u00e4ren Sie sich mit der Bearbeitung der \u00fcber Sie erhobenen Daten durch Google Maps Routenplaner in der zuvor beschriebenen Art und Weise und zu dem zuvor benannten Zweck einverstanden.<\/p>\n<p>YouTube<br \/>\nUnsere Website nutzt Plugins der von Google betriebenen Seite YouTube. Betreiber der Seiten ist die YouTube, LLC, 901 Cherry Ave., San Bruno, CA 94066, USA.<br \/>\nWenn Sie eine unserer mit einem YouTube-Plugin ausgestatteten Seiten besuchen, wird eine Verbindung zu den Servern von YouTube hergestellt. Dabei wird dem YouTube-Server mitgeteilt, welche unserer Seiten Sie besucht haben.<br \/>\nWenn Sie in Ihrem YouTube-Account eingeloggt sind, erm\u00f6glichen Sie YouTube, Ihr Surfverhalten direkt Ihrem pers\u00f6nlichen Profil zuzuordnen. Dies k\u00f6nnen Sie verhindern, indem Sie sich aus Ihrem YouTube-Account ausloggen.<br \/>\nWeitere Informationen zum Umgang mit Nutzerdaten finden Sie in der Datenschutzerkl\u00e4rung von YouTube unter: https:\/\/www.google.de\/intl\/de\/policies\/privacy.<\/p>\n<p>Issuu<br \/>\nUnserer Website nutzt Plugins des Unternehmens Issuu Inc., 131 Lytton Ave, Palo Alto, CA 94301, USA (nachfolgend: Issuu), die Ihnen erm\u00f6glichen Leseproben unserer Vereinszeitschrift &#8222;Insaiter&#8220; als bl\u00e4tterbares E-Paper aufzurufen.<br \/>\nIssuu verwendet dabei \u201eCookies\u201d, kleine Textdateien, die auf Ihrem Rechner gespeichert werden und die eine Analyse Ihrer Nutzung der Website erm\u00f6glichen. Issuu erhebt und speichert auf diese Weise personenbezogene Daten wie beispielsweise die IP-Adresse und Informationen \u00fcber Zeitpunkt und Dauer der Nutzung. Die \u00dcbertragung erfolgt, wenn Sie JavaScript in Ihrem Browser aktiviert haben. Sie k\u00f6nnen die Verwendung der Cookies durch eine entsprechende Einstellung Ihrer Browser-Software verhindern oder einen JavaScript-Blocker installieren (z.B. www.noscript.net).<br \/>\nZweck und Umfang der Datenerhebung und die weitere Verarbeitung und Nutzung der Daten durch Issuu sowie Ihre diesbez\u00fcglichen Rechte und Einstellungsm\u00f6glichkeiten zum Schutz Ihrer Privatsph\u00e4re entnehmen Sie bitte den Datenschutzhinweisen von Issuu: http:\/\/issuu.com\/legal\/privacy<\/p>\n<p>SoundCloud<br \/>\nWir nutzen f\u00fcr die Einbindung von Audiomaterial Plugins des Anbieters SoundCloud Limited, Rheinsberger Str. 76\/77 10115 Berlin, Deutschland. Wenn Sie die mit einem solchen Plugin versehenen Internetseiten unserer Internetpr\u00e4senz aufrufen \u2013 beispielsweise unsere &#8222;Live Mitschnitte&#8220; \u2013, wird eine Verbindung zu den SoundCloud-Servern hergestellt und dabei das Plugin dargestellt. Hierdurch wird an den SoundCloud-Server \u00fcbermittelt, welche unserer Internetseiten Sie besucht haben. SoundCloud verwendet dabei \u201eCookies\u201d, kleine Textdateien, die auf Ihrem Rechner gespeichert werden und die eine Analyse Ihrer Nutzung der Website erm\u00f6glichen. Sind Sie dabei als Mitglied bei SoundCloud eingeloggt, kann SoundCloud diese Information Ihrem pers\u00f6nlichen Benutzerkonto zuordnen. Bei Nutzung des Plugins wie z.B. Anklicken des Start-Buttons einer Audiodatei wird diese Information ebenfalls Ihrem Benutzerkonto zugeordnet. Sie k\u00f6nnen diese Zuordnung verhindern, indem Sie sich vor der Nutzung unserer Internetseite aus ihrem SoundCloud-Benutzerkonto abmelden und die entsprechenden Cookies von SoundCloud l\u00f6schen.<br \/>\nZweck und Umfang der Datenerhebung und die weitere Verarbeitung und Nutzung der Daten durch SoundCloud sowie Ihre diesbez\u00fcglichen Rechte und Einstellungsm\u00f6glichkeiten zum Schutz Ihrer Privatsph\u00e4re entnehmen Sie bitte den Datenschutzhinweisen von SoundCloud: https:\/\/soundcloud.com\/pages\/privacy<\/p>\n<p>Ihre Rechte<br \/>\nIhnen stehen grunds\u00e4tzlich die Rechte auf Auskunft, Berichtigung, L\u00f6schung, Einschr\u00e4nkung, Daten\u00fcbertragbarkeit, Widerruf und Widerspruch zu. Wenn Sie glauben, dass die Verarbeitung Ihrer Daten gegen das Datenschutzrecht verst\u00f6\u00dft oder Ihre datenschutzrechtlichen Anspr\u00fcche sonst in einer Weise verletzt worden sind, k\u00f6nnen Sie sich bei der Aufsichtsbeh\u00f6rde beschweren. In \u00d6sterreich ist dies die Datenschutzbeh\u00f6rde.<\/p>\n<p>Sie erreichen uns unter folgenden Kontaktdaten:<br \/>\nWienerZitherEnsemble<br \/>\nJosef Deyl Gasse 18<br \/>\nA-2380 Perchtoldsdorf<br \/>\nK\u00fcnstlerische und administrative Leitung:<br \/>\nDr. Monika Kutter<br \/>\nTel: +43 (664) 13 10 467<br \/>\nE-mail: m.kutter@kabsi.at<\/p>\n","protected":false},"excerpt":{"rendered":"<p>Datenschutzerkl\u00e4rung: Der Schutz Ihrer pers\u00f6nlichen Daten ist uns ein besonderes Anliegen. Wir verarbeiten Ihre Daten daher ausschlie\u00dflich auf Grundlage der gesetzlichen Bestimmungen (DSGVO, TKG 2003). In diesen Datenschutzinformationen informieren wir [&hellip;]<\/p>\n","protected":false},"author":3,"featured_media":0,"parent":0,"menu_order":0,"comment_status":"closed","ping_status":"closed","template":"","meta":{"footnotes":""},"_links":{"self":[{"href":"https:\/\/www.zitherensemble.net\/index.php?rest_route=\/wp\/v2\/pages\/745"}],"collection":[{"href":"https:\/\/www.zitherensemble.net\/index.php?rest_route=\/wp\/v2\/pages"}],"about":[{"href":"https:\/\/www.zitherensemble.net\/index.php?rest_route=\/wp\/v2\/types\/page"}],"author":[{"embeddable":true,"href":"https:\/\/www.zitherensemble.net\/index.php?rest_route=\/wp\/v2\/users\/3"}],"replies":[{"embeddable":true,"href":"https:\/\/www.zitherensemble.net\/index.php?rest_route=%2Fwp%2Fv2%2Fcomments&post=745"}],"version-history":[{"count":2,"href":"https:\/\/www.zitherensemble.net\/index.php?rest_route=\/wp\/v2\/pages\/745\/revisions"}],"predecessor-version":[{"id":756,"href":"https:\/\/www.zitherensemble.net\/index.php?rest_route=\/wp\/v2\/pages\/745\/revisions\/756"}],"wp:attachment":[{"href":"https:\/\/www.zitherensemble.net\/index.php?rest_route=%2Fwp%2Fv2%2Fmedia&parent=745"}],"curies":[{"name":"wp","href":"https:\/\/api.w.org\/{rel}","templated":true}]}}