{"id":50,"date":"2013-11-10T22:55:40","date_gmt":"2013-11-10T21:55:40","guid":{"rendered":"http:\/\/www.zitherensemble.net\/wp\/?page_id=50"},"modified":"2024-03-30T09:34:20","modified_gmt":"2024-03-30T08:34:20","slug":"live-mitschnitte-2","status":"publish","type":"page","link":"https:\/\/www.zitherensemble.net\/?page_id=50","title":{"rendered":"Live Mitschnitte"},"content":{"rendered":"<p style=\"text-align: justify;\">Von unseren Auftritten stellen wir hier einige Live-Mitschnitte zur Verf\u00fcgung. Im Gegensatz zu unseren CD-Produktionen haben diese Mitschnitte keine Studio-Qualit\u00e4t, sie zeigen aber einen aktuellen Querschnitt \u00fcber unsere j\u00fcngsten Auftritte.<\/p>\n<p><span style=\"color: #cc334e;\"><a href=\"#videos\"><span style=\"color: #cc334e;\">Zu unseren Videos: <strong>hier klicken<\/strong><\/span><\/a><\/span><\/p>\n<h4 style=\"text-align: justify;\">Stift Zwettl, Dezember 2013:<\/h4>\n<p style=\"text-align: justify;\"><iframe loading=\"lazy\" width=\"100%\" height=\"166\" scrolling=\"no\" frameborder=\"no\" src=\"https:\/\/w.soundcloud.com\/player?url=https%3A%2F%2Fapi.soundcloud.com%2Ftracks%2F143583256&player_height=&player_height_multi=&player_width=&player_type=visual&color=ab1717&auto_play=false&show_comments=&show_user=&buying=&sharing=&download=&show_artwork=true&show_playcount=&hide_related=false\"><\/iframe><\/p>\n<h4 style=\"text-align: justify;\">Stift Melk, August 2013:<\/h4>\n<p style=\"text-align: justify;\"><iframe loading=\"lazy\" width=\"100%\" height=\"166\" scrolling=\"no\" frameborder=\"no\" src=\"https:\/\/w.soundcloud.com\/player?url=https%3A%2F%2Fapi.soundcloud.com%2Ftracks%2F143581320&player_height=&player_height_multi=&player_width=&player_type=visual&color=ab1717&auto_play=false&show_comments=&show_user=&buying=&sharing=&download=&show_artwork=true&show_playcount=&hide_related=false\"><\/iframe><\/p>\n<p style=\"text-align: justify;\"><iframe loading=\"lazy\" width=\"100%\" height=\"166\" scrolling=\"no\" frameborder=\"no\" src=\"https:\/\/w.soundcloud.com\/player?url=https%3A%2F%2Fapi.soundcloud.com%2Ftracks%2F116217625&player_height=&player_height_multi=&player_width=&player_type=visual&color=ab1717&auto_play=false&show_comments=&show_user=&buying=&sharing=&download=&show_artwork=true&show_playcount=&hide_related=false\"><\/iframe><\/p>\n<h4 style=\"text-align: justify;\">Die Lange Nacht der Kirchen, Mai 2013:<\/h4>\n<p style=\"text-align: justify;\"><iframe loading=\"lazy\" width=\"100%\" height=\"166\" scrolling=\"no\" frameborder=\"no\" src=\"https:\/\/w.soundcloud.com\/player?url=https%3A%2F%2Fapi.soundcloud.com%2Ftracks%2F143580417&player_height=&player_height_multi=&player_width=&player_type=visual&color=ab1717&auto_play=false&show_comments=&show_user=&buying=&sharing=&download=&show_artwork=true&show_playcount=&hide_related=false\"><\/iframe><\/p>\n<h4 style=\"text-align: justify;\">B\u00f6heimkirchen, Dezember 2012<\/h4>\n<p><iframe loading=\"lazy\" width=\"100%\" height=\"166\" scrolling=\"no\" frameborder=\"no\" src=\"https:\/\/w.soundcloud.com\/player?url=http%3A%2F%2Fapi.soundcloud.com%2Ftracks%2F122643523&player_height=&player_height_multi=&player_width=&player_type=visual&color=ab1717&auto_play=false&show_comments=&show_user=&buying=&sharing=&download=&show_artwork=true&show_playcount=&hide_related=false\"><\/iframe><br \/>\n<!-- als Kommentar Ende Kommentar \/\/--><\/p>\n<h3 style=\"text-align: left;\"><a name=\"videos\"><\/a>Video &#8222;Tremblazz&#8220; von unserem Auftritt in Perchtoldsdorf 2016:<\/h3>\n<p style=\"text-align: left;\"><div class=\"lyte-wrapper\" style=\"width:640px;max-width:100%;margin:5px auto;\"><div class=\"lyMe\" id=\"WYL_W6Ia5NpNKjw\"><div id=\"lyte_W6Ia5NpNKjw\" data-src=\"\/\/i.ytimg.com\/vi\/W6Ia5NpNKjw\/hqdefault.jpg\" class=\"pL\"><div class=\"tC\"><div class=\"tT\"><\/div><\/div><div class=\"play\"><\/div><div class=\"ctrl\"><div class=\"Lctrl\"><\/div><div class=\"Rctrl\"><\/div><\/div><\/div><noscript><a href=\"https:\/\/youtu.be\/W6Ia5NpNKjw\" rel=\"nofollow\"><img loading=\"lazy\" decoding=\"async\" src=\"https:\/\/i.ytimg.com\/vi\/W6Ia5NpNKjw\/0.jpg\" alt=\"YouTube-Video-Vorschaubild\" width=\"640\" height=\"340\" \/><br \/>Dieses Video auf YouTube ansehen<\/a><\/noscript><\/div><\/div><div class=\"lL\" style=\"max-width:100%;width:640px;margin:5px auto;\"><\/div><\/p>\n<h3 style=\"text-align: left;\"><a name=\"videos\"><\/a>Video von unserem Auftritt in Perchtoldsdorf 2014:<\/h3>\n<p style=\"text-align: left;\"><div class=\"lyte-wrapper\" style=\"width:640px;max-width:100%;margin:5px auto;\"><div class=\"lyMe\" id=\"WYL_u2EOgm6eetw\"><div id=\"lyte_u2EOgm6eetw\" data-src=\"\/\/i.ytimg.com\/vi\/u2EOgm6eetw\/hqdefault.jpg\" class=\"pL\"><div class=\"tC\"><div class=\"tT\"><\/div><\/div><div class=\"play\"><\/div><div class=\"ctrl\"><div class=\"Lctrl\"><\/div><div class=\"Rctrl\"><\/div><\/div><\/div><noscript><a href=\"https:\/\/youtu.be\/u2EOgm6eetw\" rel=\"nofollow\"><img loading=\"lazy\" decoding=\"async\" src=\"https:\/\/i.ytimg.com\/vi\/u2EOgm6eetw\/0.jpg\" alt=\"YouTube-Video-Vorschaubild\" width=\"640\" height=\"340\" \/><br \/>Dieses Video auf YouTube ansehen<\/a><\/noscript><\/div><\/div><div class=\"lL\" style=\"max-width:100%;width:640px;margin:5px auto;\"><\/div><\/p>\n<h3 style=\"text-align: left;\">Videos von unserem Auftritt in Perchtoldsdorf 2010:<\/h3>\n<p style=\"text-align: left;\"><div class=\"lyte-wrapper\" style=\"width:640px;max-width:100%;margin:5px auto;\"><div class=\"lyMe\" id=\"WYL_CDRAoZ9YVzo\"><div id=\"lyte_CDRAoZ9YVzo\" data-src=\"\/\/i.ytimg.com\/vi\/CDRAoZ9YVzo\/hqdefault.jpg\" class=\"pL\"><div class=\"tC\"><div class=\"tT\"><\/div><\/div><div class=\"play\"><\/div><div class=\"ctrl\"><div class=\"Lctrl\"><\/div><div class=\"Rctrl\"><\/div><\/div><\/div><noscript><a href=\"https:\/\/youtu.be\/CDRAoZ9YVzo\" rel=\"nofollow\"><img loading=\"lazy\" decoding=\"async\" src=\"https:\/\/i.ytimg.com\/vi\/CDRAoZ9YVzo\/0.jpg\" alt=\"YouTube-Video-Vorschaubild\" width=\"640\" height=\"340\" \/><br \/>Dieses Video auf YouTube ansehen<\/a><\/noscript><\/div><\/div><div class=\"lL\" style=\"max-width:100%;width:640px;margin:5px auto;\"><\/div><\/p>\n<p style=\"text-align: left;\"><div class=\"lyte-wrapper\" style=\"width:640px;max-width:100%;margin:5px auto;\"><div class=\"lyMe\" id=\"WYL_X-nquwiv-go\"><div id=\"lyte_X-nquwiv-go\" data-src=\"\/\/i.ytimg.com\/vi\/X-nquwiv-go\/hqdefault.jpg\" class=\"pL\"><div class=\"tC\"><div class=\"tT\"><\/div><\/div><div class=\"play\"><\/div><div class=\"ctrl\"><div class=\"Lctrl\"><\/div><div class=\"Rctrl\"><\/div><\/div><\/div><noscript><a href=\"https:\/\/youtu.be\/X-nquwiv-go\" rel=\"nofollow\"><img loading=\"lazy\" decoding=\"async\" src=\"https:\/\/i.ytimg.com\/vi\/X-nquwiv-go\/0.jpg\" alt=\"YouTube-Video-Vorschaubild\" width=\"640\" height=\"340\" \/><br \/>Dieses Video auf YouTube ansehen<\/a><\/noscript><\/div><\/div><div class=\"lL\" style=\"max-width:100%;width:640px;margin:5px auto;\"><\/div><\/p>\n","protected":false},"excerpt":{"rendered":"<p>Von unseren Auftritten stellen wir hier einige Live-Mitschnitte zur Verf\u00fcgung. Im Gegensatz zu unseren CD-Produktionen haben diese Mitschnitte keine Studio-Qualit\u00e4t, sie zeigen aber einen aktuellen Querschnitt \u00fcber unsere j\u00fcngsten Auftritte. [&hellip;]<\/p>\n","protected":false},"author":3,"featured_media":0,"parent":0,"menu_order":0,"comment_status":"closed","ping_status":"closed","template":"","meta":{"footnotes":""},"_links":{"self":[{"href":"https:\/\/www.zitherensemble.net\/index.php?rest_route=\/wp\/v2\/pages\/50"}],"collection":[{"href":"https:\/\/www.zitherensemble.net\/index.php?rest_route=\/wp\/v2\/pages"}],"about":[{"href":"https:\/\/www.zitherensemble.net\/index.php?rest_route=\/wp\/v2\/types\/page"}],"author":[{"embeddable":true,"href":"https:\/\/www.zitherensemble.net\/index.php?rest_route=\/wp\/v2\/users\/3"}],"replies":[{"embeddable":true,"href":"https:\/\/www.zitherensemble.net\/index.php?rest_route=%2Fwp%2Fv2%2Fcomments&post=50"}],"version-history":[{"count":45,"href":"https:\/\/www.zitherensemble.net\/index.php?rest_route=\/wp\/v2\/pages\/50\/revisions"}],"predecessor-version":[{"id":954,"href":"https:\/\/www.zitherensemble.net\/index.php?rest_route=\/wp\/v2\/pages\/50\/revisions\/954"}],"wp:attachment":[{"href":"https:\/\/www.zitherensemble.net\/index.php?rest_route=%2Fwp%2Fv2%2Fmedia&parent=50"}],"curies":[{"name":"wp","href":"https:\/\/api.w.org\/{rel}","templated":true}]}}