{"id":42,"date":"2018-06-03T19:16:59","date_gmt":"2018-06-03T17:16:59","guid":{"rendered":"http:\/\/www.zitherensemble.net\/wp\/?page_id=42"},"modified":"2018-06-03T19:25:59","modified_gmt":"2018-06-03T17:25:59","slug":"kontakt-2","status":"publish","type":"page","link":"https:\/\/www.zitherensemble.net\/?page_id=42","title":{"rendered":"Kontakt"},"content":{"rendered":"<h4>WienerZitherEnsemble<\/h4>\n<p>ZVR-Zahl: 092205870<br \/>\nK\u00fcnstlerische<br \/>\nund administrative Leitung:<\/p>\n<p>Dr. Monika Kutter<\/p>\n<p>Tel: +43 (664) 13 10 467<br \/>\nE-mail: \u00a0<a href=\"mailto:m.kutter@kabsi.at\">m.kutter@kabsi.at<\/a><\/p>\n<p>Postanschrift:<br \/>\nWienerZitherEnsemble<br \/>\nJosef Deyl Gasse 18<br \/>\nA-2380 Perchtoldsdorf<\/p>\n<p>&nbsp;<\/p>\n<p>Haben Sie Interesse an unserem Verein oder m\u00f6chten Sie selber mitspielen?<br \/>\nBesuchen Sie uns doch auf einer unserer Proben, oder kontaktieren Sie uns!<\/p>\n<p><strong>W\u00f6chentliche Probe:<\/strong><\/p>\n<p>Jeden Montag Abend um 20 Uhr in unserem Probenraum in 2380 Perchtoldsdorf, Josef Deyl Gasse 18<\/p>\n<p>&nbsp;<\/p>\n<p>Da wir ein privater Verein sind, leben wir von Spenden und den Einnahmen unserer T\u00e4tigkeit. Daher sind uns auch unterst\u00fctzende Mitglieder immer willkommen. Sie k\u00f6nnen uns helfen, indem Sie unsere Vereinszeitschrift, den\u00a0<span style=\"text-decoration: underline;\"><a href=\"https:\/\/www.zitherensemble.net\/wp\/?page_id=220\">Insaiter<\/a><\/span>\u00a0abonnieren ( \u20ac 20.-\/Jahresabo, 3 Ausgaben j\u00e4hrlich) oder unterst\u00fctzendes Mitglied werden\u00a0(\u20ac 50.-\/Jahr + 1xEinschreibgeb\u00fchr \u20ac 5.-).<br \/>\nTreten Sie mit uns in Kontakt!<\/p>\n<p>&nbsp;<\/p>\n<p style=\"font-size: small;\"><strong>Rechtshinweise:<\/strong><\/p>\n<p style=\"font-size: small;\">Haftung f\u00fcr Inhalte dieser Webseite:<br \/>\nWir entwickeln die Inhalte dieser Webseite st\u00e4ndig weiter und bem\u00fchen uns korrekte und aktuelle Informationen bereitzustellen. Leider k\u00f6nnen wir keine Haftung f\u00fcr die Korrektheit aller Inhalte auf dieser Webseite \u00fcbernehmen. Sollten Ihnen problematische oder rechtswidrige Inhalte auffallen, bitten wir Sie uns umgehend zu kontaktieren.<\/p>\n<p style=\"font-size: small;\">Haftung f\u00fcr Links auf dieser Webseite:<br \/>\nUnsere Webseite enth\u00e4lt Links zu anderen Webseiten f\u00fcr deren Inhalt wir nicht verantwortlich sind. Wenn Ihnen rechtswidrige Links auf unserer Webseite auffallen, bitten wir Sie uns zu kontaktieren.<\/p>\n<p>&nbsp;<\/p>\n","protected":false},"excerpt":{"rendered":"<p>WienerZitherEnsemble ZVR-Zahl: 092205870 K\u00fcnstlerische und administrative Leitung: Dr. Monika Kutter Tel: +43 (664) 13 10 467 E-mail: \u00a0m.kutter@kabsi.at Postanschrift: WienerZitherEnsemble Josef Deyl Gasse 18 A-2380 Perchtoldsdorf &nbsp; Haben Sie Interesse [&hellip;]<\/p>\n","protected":false},"author":3,"featured_media":0,"parent":0,"menu_order":0,"comment_status":"closed","ping_status":"closed","template":"","meta":{"footnotes":""},"_links":{"self":[{"href":"https:\/\/www.zitherensemble.net\/index.php?rest_route=\/wp\/v2\/pages\/42"}],"collection":[{"href":"https:\/\/www.zitherensemble.net\/index.php?rest_route=\/wp\/v2\/pages"}],"about":[{"href":"https:\/\/www.zitherensemble.net\/index.php?rest_route=\/wp\/v2\/types\/page"}],"author":[{"embeddable":true,"href":"https:\/\/www.zitherensemble.net\/index.php?rest_route=\/wp\/v2\/users\/3"}],"replies":[{"embeddable":true,"href":"https:\/\/www.zitherensemble.net\/index.php?rest_route=%2Fwp%2Fv2%2Fcomments&post=42"}],"version-history":[{"count":25,"href":"https:\/\/www.zitherensemble.net\/index.php?rest_route=\/wp\/v2\/pages\/42\/revisions"}],"predecessor-version":[{"id":758,"href":"https:\/\/www.zitherensemble.net\/index.php?rest_route=\/wp\/v2\/pages\/42\/revisions\/758"}],"wp:attachment":[{"href":"https:\/\/www.zitherensemble.net\/index.php?rest_route=%2Fwp%2Fv2%2Fmedia&parent=42"}],"curies":[{"name":"wp","href":"https:\/\/api.w.org\/{rel}","templated":true}]}}