{"id":220,"date":"2013-11-17T12:30:03","date_gmt":"2013-11-17T11:30:03","guid":{"rendered":"http:\/\/www.zitherensemble.net\/wp\/?page_id=220"},"modified":"2025-01-04T22:39:04","modified_gmt":"2025-01-04T21:39:04","slug":"insaiter","status":"publish","type":"page","link":"https:\/\/www.zitherensemble.net\/?page_id=220","title":{"rendered":"Insaiter"},"content":{"rendered":"\n<p>Der <strong>Insaiter<\/strong> ist die Vereinszeitschrift des &#8222;WienerZitherEnsemble&#8220; und erscheint 2x j\u00e4hrlich. Der Insaiter ist f\u00fcr alle aktiven und unterst\u00fczenden Mitglieder kostenlos, auch interessierte Nichtmitglieder k\u00f6nnen die Zeitschrift gerne gegen einen Unkostenbeitrag bestellen. N\u00e4heres dazu unter <span style=\"text-decoration: underline;\"><a href=\"https:\/\/www.zitherensemble.net\/wp\/?page_id=42\">&#8222;Kontakt&#8220;<\/a><\/span>.<\/p>\n\n\n\n<p>Nachfolgend finden Sie einige <strong>\u00e4ltere<\/strong> <strong>Ausgaben des Insaiter als Leseproben<\/strong>:<\/p>\n\n\n\n<figure class=\"wp-block-gallery has-nested-images columns-default is-cropped wp-block-gallery-1 is-layout-flex wp-block-gallery-is-layout-flex\">\n<figure class=\"wp-block-image size-large\"><a href=\"https:\/\/www.zitherensemble.net\/wp\/wp-content\/uploads\/2024\/03\/Insaiter-XXIII_01_v0.pdf\" target=\"_blank\" rel=\"noreferrer noopener\"><img loading=\"lazy\" decoding=\"async\" width=\"724\" height=\"1024\" data-id=\"1064\" src=\"https:\/\/www.zitherensemble.net\/wp\/wp-content\/uploads\/2025\/01\/Insaiter-XXIII_01_v0-724x1024.jpg\" alt=\"\" class=\"wp-image-1064\"\/><\/a><figcaption class=\"wp-element-caption\">Ausgabe 2023 \/ 1<\/figcaption><\/figure>\n\n\n\n<figure class=\"wp-block-image size-large\"><a href=\"https:\/\/www.zitherensemble.net\/wp\/wp-content\/uploads\/2024\/03\/Insaiter-XXII_01_v0.pdf\" target=\"_blank\" rel=\"noreferrer noopener\"><img loading=\"lazy\" decoding=\"async\" width=\"724\" height=\"1024\" data-id=\"1074\" src=\"https:\/\/www.zitherensemble.net\/wp\/wp-content\/uploads\/2025\/01\/Insaiter-XXII_01_v0-724x1024.jpg\" alt=\"\" class=\"wp-image-1074\" srcset=\"https:\/\/www.zitherensemble.net\/wp\/wp-content\/uploads\/2025\/01\/Insaiter-XXII_01_v0-724x1024.jpg 724w, https:\/\/www.zitherensemble.net\/wp\/wp-content\/uploads\/2025\/01\/Insaiter-XXII_01_v0-212x300.jpg 212w, https:\/\/www.zitherensemble.net\/wp\/wp-content\/uploads\/2025\/01\/Insaiter-XXII_01_v0-768x1087.jpg 768w, https:\/\/www.zitherensemble.net\/wp\/wp-content\/uploads\/2025\/01\/Insaiter-XXII_01_v0-1086x1536.jpg 1086w, https:\/\/www.zitherensemble.net\/wp\/wp-content\/uploads\/2025\/01\/Insaiter-XXII_01_v0-1447x2048.jpg 1447w, https:\/\/www.zitherensemble.net\/wp\/wp-content\/uploads\/2025\/01\/Insaiter-XXII_01_v0.jpg 1653w\" sizes=\"(max-width: 724px) 100vw, 724px\" \/><\/a><figcaption class=\"wp-element-caption\">Ausgabe 2022 \/ 1<\/figcaption><\/figure>\n\n\n\n<figure class=\"wp-block-image size-large\"><a href=\"https:\/\/www.zitherensemble.net\/wp\/wp-content\/uploads\/2024\/03\/Insaiter-XXI_01_v0.pdf\" target=\"_blank\" rel=\"noreferrer noopener\"><img loading=\"lazy\" decoding=\"async\" width=\"724\" height=\"1024\" data-id=\"1077\" src=\"https:\/\/www.zitherensemble.net\/wp\/wp-content\/uploads\/2025\/01\/Insaiter-XXI_01_v0-724x1024.jpg\" alt=\"\" class=\"wp-image-1077\" srcset=\"https:\/\/www.zitherensemble.net\/wp\/wp-content\/uploads\/2025\/01\/Insaiter-XXI_01_v0-724x1024.jpg 724w, https:\/\/www.zitherensemble.net\/wp\/wp-content\/uploads\/2025\/01\/Insaiter-XXI_01_v0-212x300.jpg 212w, https:\/\/www.zitherensemble.net\/wp\/wp-content\/uploads\/2025\/01\/Insaiter-XXI_01_v0-768x1087.jpg 768w, https:\/\/www.zitherensemble.net\/wp\/wp-content\/uploads\/2025\/01\/Insaiter-XXI_01_v0-1086x1536.jpg 1086w, https:\/\/www.zitherensemble.net\/wp\/wp-content\/uploads\/2025\/01\/Insaiter-XXI_01_v0-1447x2048.jpg 1447w, https:\/\/www.zitherensemble.net\/wp\/wp-content\/uploads\/2025\/01\/Insaiter-XXI_01_v0.jpg 1653w\" sizes=\"(max-width: 724px) 100vw, 724px\" \/><\/a><figcaption class=\"wp-element-caption\">Ausgabe 2021 \/ 1<\/figcaption><\/figure>\n\n\n\n<figure class=\"wp-block-image size-large\"><a href=\"https:\/\/www.zitherensemble.net\/wp\/wp-content\/uploads\/2024\/03\/Insaiter-XX_01_v0.pdf\" target=\"_blank\" rel=\"noreferrer noopener\"><img loading=\"lazy\" decoding=\"async\" width=\"724\" height=\"1024\" data-id=\"1078\" src=\"https:\/\/www.zitherensemble.net\/wp\/wp-content\/uploads\/2025\/01\/Insaiter-XX_01_v0-724x1024.jpg\" alt=\"\" class=\"wp-image-1078\" srcset=\"https:\/\/www.zitherensemble.net\/wp\/wp-content\/uploads\/2025\/01\/Insaiter-XX_01_v0-724x1024.jpg 724w, https:\/\/www.zitherensemble.net\/wp\/wp-content\/uploads\/2025\/01\/Insaiter-XX_01_v0-212x300.jpg 212w, https:\/\/www.zitherensemble.net\/wp\/wp-content\/uploads\/2025\/01\/Insaiter-XX_01_v0-768x1087.jpg 768w, https:\/\/www.zitherensemble.net\/wp\/wp-content\/uploads\/2025\/01\/Insaiter-XX_01_v0-1086x1536.jpg 1086w, https:\/\/www.zitherensemble.net\/wp\/wp-content\/uploads\/2025\/01\/Insaiter-XX_01_v0-1447x2048.jpg 1447w, https:\/\/www.zitherensemble.net\/wp\/wp-content\/uploads\/2025\/01\/Insaiter-XX_01_v0.jpg 1653w\" sizes=\"(max-width: 724px) 100vw, 724px\" \/><\/a><figcaption class=\"wp-element-caption\">Ausgabe 2020 \/ 1<\/figcaption><\/figure>\n\n\n\n<figure class=\"wp-block-image size-large\"><a href=\"https:\/\/www.zitherensemble.net\/wp\/wp-content\/uploads\/2024\/03\/Insaiter-XVIV1_v0.pdf\" target=\"_blank\" rel=\"noreferrer noopener\"><img loading=\"lazy\" decoding=\"async\" width=\"724\" height=\"1024\" data-id=\"1079\" src=\"https:\/\/www.zitherensemble.net\/wp\/wp-content\/uploads\/2025\/01\/Insaiter-XVIV1_v0-724x1024.jpg\" alt=\"\" class=\"wp-image-1079\" srcset=\"https:\/\/www.zitherensemble.net\/wp\/wp-content\/uploads\/2025\/01\/Insaiter-XVIV1_v0-724x1024.jpg 724w, https:\/\/www.zitherensemble.net\/wp\/wp-content\/uploads\/2025\/01\/Insaiter-XVIV1_v0-212x300.jpg 212w, https:\/\/www.zitherensemble.net\/wp\/wp-content\/uploads\/2025\/01\/Insaiter-XVIV1_v0-768x1087.jpg 768w, https:\/\/www.zitherensemble.net\/wp\/wp-content\/uploads\/2025\/01\/Insaiter-XVIV1_v0-1086x1536.jpg 1086w, https:\/\/www.zitherensemble.net\/wp\/wp-content\/uploads\/2025\/01\/Insaiter-XVIV1_v0-1447x2048.jpg 1447w, https:\/\/www.zitherensemble.net\/wp\/wp-content\/uploads\/2025\/01\/Insaiter-XVIV1_v0.jpg 1653w\" sizes=\"(max-width: 724px) 100vw, 724px\" \/><\/a><figcaption class=\"wp-element-caption\">Ausgabe 2019 \/ 1<\/figcaption><\/figure>\n\n\n\n<figure class=\"wp-block-image size-large\"><a href=\"https:\/\/www.zitherensemble.net\/wp\/wp-content\/uploads\/2024\/03\/Insaiter-XVIII1_v0.pdf\" target=\"_blank\" rel=\"noreferrer noopener\"><img loading=\"lazy\" decoding=\"async\" width=\"724\" height=\"1024\" data-id=\"1080\" src=\"https:\/\/www.zitherensemble.net\/wp\/wp-content\/uploads\/2025\/01\/Insaiter-XVIII1_v0-724x1024.jpg\" alt=\"\" class=\"wp-image-1080\" srcset=\"https:\/\/www.zitherensemble.net\/wp\/wp-content\/uploads\/2025\/01\/Insaiter-XVIII1_v0-724x1024.jpg 724w, https:\/\/www.zitherensemble.net\/wp\/wp-content\/uploads\/2025\/01\/Insaiter-XVIII1_v0-212x300.jpg 212w, https:\/\/www.zitherensemble.net\/wp\/wp-content\/uploads\/2025\/01\/Insaiter-XVIII1_v0-768x1087.jpg 768w, https:\/\/www.zitherensemble.net\/wp\/wp-content\/uploads\/2025\/01\/Insaiter-XVIII1_v0-1086x1536.jpg 1086w, https:\/\/www.zitherensemble.net\/wp\/wp-content\/uploads\/2025\/01\/Insaiter-XVIII1_v0-1447x2048.jpg 1447w, https:\/\/www.zitherensemble.net\/wp\/wp-content\/uploads\/2025\/01\/Insaiter-XVIII1_v0.jpg 1653w\" sizes=\"(max-width: 724px) 100vw, 724px\" \/><\/a><figcaption class=\"wp-element-caption\">Ausgabe 2018 \/ 1<\/figcaption><\/figure>\n<\/figure>\n","protected":false},"excerpt":{"rendered":"<p>Der Insaiter ist die Vereinszeitschrift des &#8222;WienerZitherEnsemble&#8220; und erscheint 2x j\u00e4hrlich. Der Insaiter ist f\u00fcr alle aktiven und unterst\u00fczenden Mitglieder kostenlos, auch interessierte Nichtmitglieder k\u00f6nnen die Zeitschrift gerne gegen einen [&hellip;]<\/p>\n","protected":false},"author":3,"featured_media":0,"parent":0,"menu_order":0,"comment_status":"closed","ping_status":"closed","template":"","meta":{"footnotes":""},"_links":{"self":[{"href":"https:\/\/www.zitherensemble.net\/index.php?rest_route=\/wp\/v2\/pages\/220"}],"collection":[{"href":"https:\/\/www.zitherensemble.net\/index.php?rest_route=\/wp\/v2\/pages"}],"about":[{"href":"https:\/\/www.zitherensemble.net\/index.php?rest_route=\/wp\/v2\/types\/page"}],"author":[{"embeddable":true,"href":"https:\/\/www.zitherensemble.net\/index.php?rest_route=\/wp\/v2\/users\/3"}],"replies":[{"embeddable":true,"href":"https:\/\/www.zitherensemble.net\/index.php?rest_route=%2Fwp%2Fv2%2Fcomments&post=220"}],"version-history":[{"count":39,"href":"https:\/\/www.zitherensemble.net\/index.php?rest_route=\/wp\/v2\/pages\/220\/revisions"}],"predecessor-version":[{"id":1082,"href":"https:\/\/www.zitherensemble.net\/index.php?rest_route=\/wp\/v2\/pages\/220\/revisions\/1082"}],"wp:attachment":[{"href":"https:\/\/www.zitherensemble.net\/index.php?rest_route=%2Fwp%2Fv2%2Fmedia&parent=220"}],"curies":[{"name":"wp","href":"https:\/\/api.w.org\/{rel}","templated":true}]}}